{"id":2362,"date":"2025-02-07T10:56:32","date_gmt":"2025-02-07T09:56:32","guid":{"rendered":"https:\/\/etoile-privee.com\/politique-de-confidentialite\/"},"modified":"2025-02-26T13:02:16","modified_gmt":"2025-02-26T12:02:16","slug":"politique-de-confidentialite","status":"publish","type":"page","link":"https:\/\/etoile-privee.com\/fr\/politique-de-confidentialite\/","title":{"rendered":"Politique de confidentialit\u00e9"},"content":{"rendered":"\t\t<div data-elementor-type=\"wp-page\" data-elementor-id=\"2362\" class=\"elementor elementor-2362 elementor-1335\" data-elementor-post-type=\"page\">\n\t\t\t\t<div class=\"elementor-element elementor-element-993a99d e-flex e-con-boxed e-con e-parent\" data-id=\"993a99d\" data-element_type=\"container\" data-e-type=\"container\" data-settings=\"{&quot;background_background&quot;:&quot;classic&quot;}\">\n\t\t\t\t\t<div class=\"e-con-inner\">\n\t\t\t\t\t<\/div>\n\t\t\t\t<\/div>\n\t\t<div class=\"elementor-element elementor-element-753a3a2 e-flex e-con-boxed e-con e-parent\" data-id=\"753a3a2\" data-element_type=\"container\" data-e-type=\"container\">\n\t\t\t\t\t<div class=\"e-con-inner\">\n\t\t\t\t<div class=\"elementor-element elementor-element-7f5021c elementor-widget__width-initial elementor-widget elementor-widget-text-editor\" data-id=\"7f5021c\" data-element_type=\"widget\" data-e-type=\"widget\" data-widget_type=\"text-editor.default\">\n\t\t\t\t<div class=\"elementor-widget-container\">\n\t\t\t\t\t\t\t\t\t<p>Chez Etoile Priv\u00e9e, accessible \u00e0 l&rsquo;adresse https:\/\/www.etoile-privee.com, la protection de la vie priv\u00e9e de nos visiteurs est l&rsquo;une de nos principales priorit\u00e9s. Ce document de politique de confidentialit\u00e9 contient des informations sur les types de donn\u00e9es collect\u00e9es et enregistr\u00e9es par Etoile Priv\u00e9e, et sur la mani\u00e8re dont nous les utilisons. <\/p>\n<\/p>\n<h6>Fichiers journaux<\/h6>\n<p>Etoile Priv\u00e9e utilise une proc\u00e9dure standard pour l&rsquo;utilisation de fichiers journaux. Ces fichiers enregistrent les visiteurs lorsqu&rsquo;ils visitent les sites web. Tous les h\u00e9bergeurs le font dans le cadre des outils d&rsquo;analyse des services d&rsquo;h\u00e9bergement.  <\/p>\n<\/p>\n<p>Les informations collect\u00e9es par les fichiers journaux comprennent les adresses de protocole Internet (IP), le type de navigateur, le fournisseur d&rsquo;acc\u00e8s \u00e0 Internet (FAI), la date et l&rsquo;heure, les pages de renvoi et de sortie et \u00e9ventuellement le nombre de clics. Ces donn\u00e9es ne sont pas li\u00e9es \u00e0 des informations personnellement identifiables. L&rsquo;objectif de ces informations est d&rsquo;analyser les tendances, d&rsquo;administrer le site, de suivre les mouvements des utilisateurs sur le site et de recueillir des informations d\u00e9mographiques.  <\/p>\n<\/p>\n<h6>Cookies et balises web<\/h6>\n<p>Comme d&rsquo;autres sites web, Etoile Priv\u00e9e utilise des \u00ab cookies \u00bb. Ces cookies sont utilis\u00e9s pour stocker des informations, y compris les pr\u00e9f\u00e9rences du visiteur et les pages qu&rsquo;il a visit\u00e9es sur le site web. <\/p>\n<\/p>\n<p>Les informations collect\u00e9es sont utilis\u00e9es pour optimiser l&rsquo;exp\u00e9rience de l&rsquo;utilisateur en adaptant le contenu de notre page web au type de navigateur du visiteur et\/ou \u00e0 d&rsquo;autres informations.<\/p>\n<\/p>\n<p>Pour plus d&rsquo;informations g\u00e9n\u00e9rales sur les cookies, veuillez lire l&rsquo;article \u00ab Qu&rsquo;est-ce qu&rsquo;un cookie ? \u00bb sur le site du Cookie Consent.<\/p>\n<\/p>\n<h6>Politique de confidentialit\u00e9 des tiers<\/h6>\n<p>Vous pouvez consulter la liste ci-dessous pour trouver la politique de confidentialit\u00e9 de chaque partenaire publicitaire de Etoile Priv\u00e9e.<br \/>Les serveurs publicitaires tiers ou les r\u00e9seaux publicitaires utilisent des technologies telles que les cookies, le JavaScript ou les balises web dans leurs publicit\u00e9s et liens respectifs qui apparaissent sur Etoile Priv\u00e9e. Ces technologies sont envoy\u00e9es directement au navigateur de l&rsquo;utilisateur. Ce faisant, elles re\u00e7oivent automatiquement votre adresse IP.  <\/p>\n<\/p>\n<p>Ces technologies sont utilis\u00e9es pour mesurer l&rsquo;efficacit\u00e9 de leurs campagnes publicitaires et\/ou pour personnaliser le contenu publicitaire que vous voyez sur les sites web.<\/p>\n<\/p>\n<p>Veuillez noter qu&rsquo;Etoile Priv\u00e9e n&rsquo;a aucun acc\u00e8s ou contr\u00f4le sur ces cookies utilis\u00e9s par des annonceurs tiers.<\/p>\n<\/p>\n<h6>Protection des enfants<\/h6>\n<p>La protection des enfants lors de l&rsquo;utilisation de l&rsquo;internet est un autre \u00e9l\u00e9ment important de notre politique de protection de la vie priv\u00e9e. Nous encourageons les parents et les tuteurs \u00e0 observer le comportement en ligne de leurs enfants, \u00e0 y participer et\/ou \u00e0 les guider et \u00e0 les orienter. <\/p>\n<\/p>\n<p>Si vous pensez que votre enfant a fourni de telles informations sur notre site web, nous vous prions de nous contacter imm\u00e9diatement afin que nous puissions faire tout notre possible pour supprimer ces informations de nos syst\u00e8mes d\u00e8s que possible. <\/p>\n<h6> <\/h6>\n<h6>Politique de confidentialit\u00e9 pour les activit\u00e9s en ligne<\/h6>\n<p>Cette politique de confidentialit\u00e9 s&rsquo;applique exclusivement \u00e0 nos activit\u00e9s en ligne et s&rsquo;applique aux visiteurs de notre site web en ce qui concerne les informations qu&rsquo;ils partagent et\/ou collectent sur Etoile Priv\u00e9e. Cette politique ne s&rsquo;applique pas aux informations collect\u00e9es hors ligne ou par d&rsquo;autres canaux que ce site web. <\/p>\n<h6> <\/h6>\n<h6>Consentement<\/h6>\n<p>En utilisant notre site web, vous consentez par la pr\u00e9sente \u00e0 notre politique de confidentialit\u00e9 et en acceptez les termes et conditions.<\/p>\n<p>Autres conditions<br \/>En vous inscrivant sur notre site, vous confirmez que vous :<br \/>&#8211; Ne pas \u00eatre mineur ;<br \/>&#8211; Travaillez de votre propre initiative, sans pression ext\u00e9rieure ;<br \/>&#8211; N&rsquo;\u00eates pas impliqu\u00e9 dans des activit\u00e9s criminelles.<\/p>\n\t\t\t\t\t\t\t\t<\/div>\n\t\t\t\t<\/div>\n\t\t\t\t\t<\/div>\n\t\t\t\t<\/div>\n\t\t\t\t<\/div>\n\t\t","protected":false},"excerpt":{"rendered":"<p>Chez Etoile Priv\u00e9e, accessible \u00e0 l&rsquo;adresse https:\/\/www.etoile-privee.com, la protection de la vie priv\u00e9e de nos visiteurs est l&rsquo;une de nos principales priorit\u00e9s. Ce document de politique de confidentialit\u00e9 contient des informations sur les types de donn\u00e9es collect\u00e9es et enregistr\u00e9es par Etoile Priv\u00e9e, et sur la mani\u00e8re dont nous les utilisons. Fichiers journaux Etoile Priv\u00e9e utilise [&hellip;]<\/p>\n","protected":false},"author":3,"featured_media":1104,"parent":0,"menu_order":0,"comment_status":"closed","ping_status":"closed","template":"elementor_header_footer","meta":{"_seopress_robots_primary_cat":"","_seopress_titles_title":"%%post_title%% %%sep%% %%sitetitle%%","_seopress_titles_desc":"Votre vie priv\u00e9e est importante. Lisez la politique d'\u00c9toile Priv\u00e9e sur la fa\u00e7on dont nous prot\u00e9geons et traitons vos donn\u00e9es personnelles avec la plus grande confidentialit\u00e9. ","_seopress_robots_index":"","_monsterinsights_skip_tracking":false,"_monsterinsights_sitenote_active":false,"_monsterinsights_sitenote_note":"","_monsterinsights_sitenote_category":0,"footnotes":""},"class_list":["post-2362","page","type-page","status-publish","has-post-thumbnail","hentry"],"_links":{"self":[{"href":"https:\/\/etoile-privee.com\/fr\/wp-json\/wp\/v2\/pages\/2362","targetHints":{"allow":["GET"]}}],"collection":[{"href":"https:\/\/etoile-privee.com\/fr\/wp-json\/wp\/v2\/pages"}],"about":[{"href":"https:\/\/etoile-privee.com\/fr\/wp-json\/wp\/v2\/types\/page"}],"author":[{"embeddable":true,"href":"https:\/\/etoile-privee.com\/fr\/wp-json\/wp\/v2\/users\/3"}],"replies":[{"embeddable":true,"href":"https:\/\/etoile-privee.com\/fr\/wp-json\/wp\/v2\/comments?post=2362"}],"version-history":[{"count":2,"href":"https:\/\/etoile-privee.com\/fr\/wp-json\/wp\/v2\/pages\/2362\/revisions"}],"predecessor-version":[{"id":2496,"href":"https:\/\/etoile-privee.com\/fr\/wp-json\/wp\/v2\/pages\/2362\/revisions\/2496"}],"wp:featuredmedia":[{"embeddable":true,"href":"https:\/\/etoile-privee.com\/fr\/wp-json\/wp\/v2\/media\/1104"}],"wp:attachment":[{"href":"https:\/\/etoile-privee.com\/fr\/wp-json\/wp\/v2\/media?parent=2362"}],"curies":[{"name":"wp","href":"https:\/\/api.w.org\/{rel}","templated":true}]}}