{"id":2360,"date":"2025-02-07T10:56:32","date_gmt":"2025-02-07T09:56:32","guid":{"rendered":"https:\/\/etoile-privee.com\/privacybeleid\/"},"modified":"2025-02-26T12:56:38","modified_gmt":"2025-02-26T11:56:38","slug":"privacybeleid","status":"publish","type":"page","link":"https:\/\/etoile-privee.com\/nl\/privacybeleid\/","title":{"rendered":"Privacybeleid"},"content":{"rendered":"\t\t<div data-elementor-type=\"wp-page\" data-elementor-id=\"2360\" class=\"elementor elementor-2360 elementor-1335\" data-elementor-post-type=\"page\">\n\t\t\t\t<div class=\"elementor-element elementor-element-993a99d e-flex e-con-boxed e-con e-parent\" data-id=\"993a99d\" data-element_type=\"container\" data-e-type=\"container\" data-settings=\"{&quot;background_background&quot;:&quot;classic&quot;}\">\n\t\t\t\t\t<div class=\"e-con-inner\">\n\t\t\t\t\t<\/div>\n\t\t\t\t<\/div>\n\t\t<div class=\"elementor-element elementor-element-753a3a2 e-flex e-con-boxed e-con e-parent\" data-id=\"753a3a2\" data-element_type=\"container\" data-e-type=\"container\">\n\t\t\t\t\t<div class=\"e-con-inner\">\n\t\t\t\t<div class=\"elementor-element elementor-element-7f5021c elementor-widget__width-initial elementor-widget elementor-widget-text-editor\" data-id=\"7f5021c\" data-element_type=\"widget\" data-e-type=\"widget\" data-widget_type=\"text-editor.default\">\n\t\t\t\t<div class=\"elementor-widget-container\">\n\t\t\t\t\t\t\t\t\t<p>Bij Etoile Priv\u00e9e, toegankelijk via https:\/\/www.etoile-privee.com, is de privacy van onze bezoekers een van onze belangrijkste prioriteiten. Dit privacybeleid document bevat informatie over welke soorten gegevens door Etoile Priv\u00e9e worden verzameld en vastgelegd, en hoe wij deze gebruiken. <\/p>\n<\/p>\n<h6>Logbestanden<\/h6>\n<p>Etoile Priv\u00e9e hanteert een standaardprocedure voor het gebruik van logbestanden. Deze bestanden registreren bezoekers wanneer zij websites bezoeken. Alle hostingbedrijven doen dit als onderdeel van de analysetools van hostingdiensten.  <\/p>\n<\/p>\n<p>De informatie die wordt verzameld door logbestanden omvat onder andere internetprotocol (IP)-adressen, browsertype, internetprovider (ISP), datum- en tijdstempels, verwijzende\/uitstappagina\u2019s en mogelijk het aantal klikken. Deze gegevens zijn niet gekoppeld aan persoonlijk identificeerbare informatie. Het doel van deze informatie is het analyseren van trends, het beheren van de site, het volgen van gebruikersbewegingen op de website en het verzamelen van demografische informatie.  <\/p>\n<\/p>\n<h6>Cookies en webbakens<\/h6>\n<p>Net als andere websites gebruikt Etoile Priv\u00e9e &#8216;cookies&#8217;. Deze cookies worden gebruikt om informatie op te slaan, waaronder de voorkeuren van bezoekers en de pagina\u2019s die de bezoeker op de website heeft bezocht. <\/p>\n<\/p>\n<p>De verzamelde informatie wordt gebruikt om de gebruikerservaring te optimaliseren door onze webpagina-inhoud aan te passen aan het browsertype van de bezoeker en\/of andere informatie.<\/p>\n<\/p>\n<p>Voor meer algemene informatie over cookies kunt u het artikel &#8220;Wat zijn cookies?&#8221; lezen op de website van Cookie Consent.<\/p>\n<\/p>\n<h6>Privacybeleid van derden<\/h6>\n<p>U kunt de onderstaande lijst raadplegen om het privacybeleid van elke reclamepartner van Etoile Priv\u00e9e te vinden.<br \/>Advertentieservers of advertentienetwerken van derden gebruiken technologie\u00ebn zoals cookies, JavaScript of webbakens in hun respectieve advertenties en links die op Etoile Priv\u00e9e verschijnen. Deze technologie\u00ebn worden rechtstreeks naar de browser van de gebruiker verzonden. Hierbij ontvangen zij automatisch uw IP-adres.  <\/p>\n<\/p>\n<p>Deze technologie\u00ebn worden gebruikt om de effectiviteit van hun reclamecampagnes te meten en\/of om de reclame-inhoud die u op websites ziet, te personaliseren.<\/p>\n<\/p>\n<p>Houd er rekening mee dat Etoile Priv\u00e9e geen toegang heeft tot of controle heeft over deze cookies die worden gebruikt door externe adverteerders.<\/p>\n<\/p>\n<h6>Bescherming van kinderen<\/h6>\n<p>Een ander belangrijk onderdeel van ons privacybeleid is de bescherming van kinderen bij het gebruik van internet. Wij moedigen ouders en voogden aan om het online gedrag van hun kinderen te observeren, eraan deel te nemen en\/of te begeleiden en te sturen. <\/p>\n<\/p>\n<p>Etoile Priv\u00e9e verzamelt niet bewust persoonlijke identificeerbare informatie van kinderen onder de 13 jaar. Als u denkt dat uw kind dergelijke informatie op onze website heeft verstrekt, verzoeken wij u dringend om onmiddellijk contact met ons op te nemen, zodat wij ons uiterste best kunnen doen om deze informatie zo snel mogelijk uit onze systemen te verwijderen. <\/p>\n<h6> <\/h6>\n<h6>Privacybeleid voor onlineactiviteiten<\/h6>\n<p>Dit privacybeleid is uitsluitend van toepassing op onze onlineactiviteiten en geldt voor bezoekers van onze website met betrekking tot de informatie die zij delen en\/of verzamelen op Etoile Priv\u00e9e. Dit beleid is niet van toepassing op informatie die offline of via andere kanalen dan deze website wordt verzameld. <\/p>\n<h6> <\/h6>\n<h6>Toestemming<\/h6>\n<p>Door gebruik te maken van onze website geeft u hierbij uw toestemming voor ons privacybeleid en gaat u akkoord met de bijbehorende voorwaarden.<\/p>\n<p>Andere vereisten<br \/>Bij registratie bij ons bevestigt u dat u:<br \/>&#8211; Geen minderjarige bent;<br \/>&#8211; Op eigen initiatief werkt, zonder externe druk;<br \/>&#8211; Niet betrokken bent bij criminele activiteiten.<\/p>\n\t\t\t\t\t\t\t\t<\/div>\n\t\t\t\t<\/div>\n\t\t\t\t\t<\/div>\n\t\t\t\t<\/div>\n\t\t\t\t<\/div>\n\t\t","protected":false},"excerpt":{"rendered":"<p>Bij Etoile Priv\u00e9e, toegankelijk via https:\/\/www.etoile-privee.com, is de privacy van onze bezoekers een van onze belangrijkste prioriteiten. Dit privacybeleid document bevat informatie over welke soorten gegevens door Etoile Priv\u00e9e worden verzameld en vastgelegd, en hoe wij deze gebruiken. Logbestanden Etoile Priv\u00e9e hanteert een standaardprocedure voor het gebruik van logbestanden. Deze bestanden registreren bezoekers wanneer zij [&hellip;]<\/p>\n","protected":false},"author":3,"featured_media":1103,"parent":0,"menu_order":0,"comment_status":"closed","ping_status":"closed","template":"elementor_header_footer","meta":{"_seopress_robots_primary_cat":"","_seopress_titles_title":"%%post_title%% %%sep%% %%sitetitle%%","_seopress_titles_desc":"Uw privacy is belangrijk. Lees het beleid van \u00c9toile Priv\u00e9e over hoe wij uw persoonlijke gegevens beschermen en verwerken met de grootst mogelijke vertrouwelijkheid. ","_seopress_robots_index":"","_monsterinsights_skip_tracking":false,"_monsterinsights_sitenote_active":false,"_monsterinsights_sitenote_note":"","_monsterinsights_sitenote_category":0,"footnotes":""},"class_list":["post-2360","page","type-page","status-publish","has-post-thumbnail","hentry"],"_links":{"self":[{"href":"https:\/\/etoile-privee.com\/nl\/wp-json\/wp\/v2\/pages\/2360","targetHints":{"allow":["GET"]}}],"collection":[{"href":"https:\/\/etoile-privee.com\/nl\/wp-json\/wp\/v2\/pages"}],"about":[{"href":"https:\/\/etoile-privee.com\/nl\/wp-json\/wp\/v2\/types\/page"}],"author":[{"embeddable":true,"href":"https:\/\/etoile-privee.com\/nl\/wp-json\/wp\/v2\/users\/3"}],"replies":[{"embeddable":true,"href":"https:\/\/etoile-privee.com\/nl\/wp-json\/wp\/v2\/comments?post=2360"}],"version-history":[{"count":2,"href":"https:\/\/etoile-privee.com\/nl\/wp-json\/wp\/v2\/pages\/2360\/revisions"}],"predecessor-version":[{"id":2495,"href":"https:\/\/etoile-privee.com\/nl\/wp-json\/wp\/v2\/pages\/2360\/revisions\/2495"}],"wp:featuredmedia":[{"embeddable":true,"href":"https:\/\/etoile-privee.com\/nl\/wp-json\/wp\/v2\/media\/1103"}],"wp:attachment":[{"href":"https:\/\/etoile-privee.com\/nl\/wp-json\/wp\/v2\/media?parent=2360"}],"curies":[{"name":"wp","href":"https:\/\/api.w.org\/{rel}","templated":true}]}}